{"id":1856,"date":"2024-11-05T13:10:54","date_gmt":"2024-11-05T12:10:54","guid":{"rendered":"https:\/\/cristinamollarquitecta.com\/estudi\/"},"modified":"2025-05-20T18:57:38","modified_gmt":"2025-05-20T16:57:38","slug":"estudi","status":"publish","type":"page","link":"https:\/\/cristinamollarquitecta.com\/ca\/estudi\/","title":{"rendered":"ESTUDI"},"content":{"rendered":"\n<div class=\"wp-block-group is-layout-flow wp-block-group-is-layout-flow\" style=\"padding-top:var(--wp--preset--spacing--10);padding-right:var(--wp--preset--spacing--50);padding-bottom:var(--wp--preset--spacing--10);padding-left:var(--wp--preset--spacing--50)\">\n<h3 class=\"wp-block-heading has-text-align-left has-contrast-2-color has-text-color has-link-color wp-elements-49cc59171a4861f12782138d932ca430 wp-container-content-e29552f7\" style=\"font-style:normal;font-weight:600\">ESTUDI D&#8217;ARQUITECTURA<\/h3>\n\n\n\n<hr class=\"wp-block-separator has-alpha-channel-opacity is-style-wide\" style=\"margin-top:var(--wp--preset--spacing--20);margin-bottom:var(--wp--preset--spacing--20)\"\/>\n\n\n\n<div class=\"wp-block-group is-layout-flow wp-block-group-is-layout-flow\"><div class=\"wp-block-visual-portfolio alignwide foto_estudio\">\n<div class=\"vp-portfolio vp-uid-559f9335 vp-id-Z2s8HUR\"\n\tdata-vp-layout=\"grid\" data-vp-content-source=\"images\" data-vp-items-style=\"default\" data-vp-items-click-action=\"\" data-vp-items-gap=\"15\" data-vp-items-gap-vertical=\"\" data-vp-pagination=\"load-more\" data-vp-next-page-url=\"\" data-vp-grid-columns=\"1\" data-vp-grid-images-aspect-ratio=\"16:9\" >\n\t<div class=\"vp-portfolio__preloader-wrap\">\n\t\t<div class=\"vp-portfolio__preloader\">\n\t\t\t<img decoding=\"async\" loading=\"eager\" src=\"https:\/\/cristinamollarquitecta.com\/wp-content\/plugins\/visual-portfolio\/assets\/images\/logo-dark.svg\" alt=\"Visual Portfolio, Posts &amp; Image Gallery for WordPress\" width=\"20\" height=\"20\" data-skip-lazy>\n\t\t<\/div>\n\t<\/div>\n\t\t<div class=\"vp-portfolio__items-wrap\">\n\t\t\t\n<div class=\"vp-portfolio__items vp-portfolio__items-style-default vp-portfolio__items-show-overlay-hover\">\n\n\t\t<div\t\tclass=\"vp-portfolio__item-wrap vp-portfolio__item-uid-7e5325e8\" data-vp-filter=\"\" \t\t>\n\t\t\t\t\t\t\t\t\t<figure class=\"vp-portfolio__item\">\n\t\t\t\t\n<div class=\"vp-portfolio__item-img-wrap\">\n\t<div class=\"vp-portfolio__item-img\">\n\t\t\n\t\t<noscript><img decoding=\"async\" width=\"1500\" height=\"844\" data-skip-lazy src=\"https:\/\/cristinamollarquitecta.com\/wp-content\/uploads\/2024\/11\/estudio03_1920px.jpg\" class=\"wp-image-604\" alt=\"Estudio\" srcset=\"https:\/\/cristinamollarquitecta.com\/wp-content\/uploads\/2024\/11\/estudio03_1920px.jpg 1500w, https:\/\/cristinamollarquitecta.com\/wp-content\/uploads\/2024\/11\/estudio03_1920px-300x169.jpg 300w, https:\/\/cristinamollarquitecta.com\/wp-content\/uploads\/2024\/11\/estudio03_1920px-1024x576.jpg 1024w, https:\/\/cristinamollarquitecta.com\/wp-content\/uploads\/2024\/11\/estudio03_1920px-768x432.jpg 768w, https:\/\/cristinamollarquitecta.com\/wp-content\/uploads\/2024\/11\/estudio03_1920px-500x281.jpg 500w, https:\/\/cristinamollarquitecta.com\/wp-content\/uploads\/2024\/11\/estudio03_1920px-800x450.jpg 800w, https:\/\/cristinamollarquitecta.com\/wp-content\/uploads\/2024\/11\/estudio03_1920px-1280x720.jpg 1280w\" sizes=\"(max-width: 1500px) 100vw, 1500px\" \/><\/noscript><img fetchpriority=\"high\" decoding=\"async\" width=\"1500\" height=\"844\" src=\"https:\/\/cristinamollarquitecta.com\/wp-content\/uploads\/2024\/11\/estudio03_1920px.jpg\" class=\"wp-image-604 vp-lazyload\" alt=\"Estudio\" srcset=\"data:image\/svg+xml;base64,PHN2ZyB3aWR0aD0iMTUwMCIgaGVpZ2h0PSI4NDQiIHZpZXdCb3g9IjAgMCAxNTAwIDg0NCIgZmlsbD0ibm9uZSIgeG1sbnM9Imh0dHA6Ly93d3cudzMub3JnLzIwMDAvc3ZnIj48L3N2Zz4=\" data-src=\"https:\/\/cristinamollarquitecta.com\/wp-content\/uploads\/2024\/11\/estudio03_1920px.jpg\" data-srcset=\"https:\/\/cristinamollarquitecta.com\/wp-content\/uploads\/2024\/11\/estudio03_1920px.jpg 1500w, https:\/\/cristinamollarquitecta.com\/wp-content\/uploads\/2024\/11\/estudio03_1920px-300x169.jpg 300w, https:\/\/cristinamollarquitecta.com\/wp-content\/uploads\/2024\/11\/estudio03_1920px-1024x576.jpg 1024w, https:\/\/cristinamollarquitecta.com\/wp-content\/uploads\/2024\/11\/estudio03_1920px-768x432.jpg 768w, https:\/\/cristinamollarquitecta.com\/wp-content\/uploads\/2024\/11\/estudio03_1920px-500x281.jpg 500w, https:\/\/cristinamollarquitecta.com\/wp-content\/uploads\/2024\/11\/estudio03_1920px-800x450.jpg 800w, https:\/\/cristinamollarquitecta.com\/wp-content\/uploads\/2024\/11\/estudio03_1920px-1280x720.jpg 1280w\" data-sizes=\"auto\" loading=\"eager\">\n\t\t<div class=\"vp-portfolio__item-overlay\">\n\t\t\t\t\t<\/div>\n\n\t\t\t<\/div>\n<\/div>\n\n\t\t\t<\/figure>\n\t\t\t\t\t<\/div>\n\t\t\n<\/div>\n\t\t<\/div>\n\t\t\n<\/div>\n<\/div><\/div>\n\n\n\n<div class=\"wp-block-columns is-layout-flex wp-container-core-columns-is-layout-28f84493 wp-block-columns-is-layout-flex\">\n<div class=\"wp-block-column is-layout-flow wp-block-column-is-layout-flow\" style=\"flex-basis:100%\">\n<div class=\"wp-block-columns is-layout-flex wp-container-core-columns-is-layout-28f84493 wp-block-columns-is-layout-flex\">\n<div class=\"wp-block-column is-layout-flow wp-container-core-column-is-layout-7252ee36 wp-block-column-is-layout-flow\" style=\"padding-right:var(--wp--preset--spacing--10);padding-left:1px;flex-basis:30%\">\n<p style=\"font-style:normal;font-weight:700\">QUI SOM?<\/p>\n\n\n\n<div class=\"wp-block-essential-blocks-text root-eb-text-ygwzs\"><div class=\"eb-parent-wrapper eb-parent-eb-text-ygwzs \"><div class=\"eb-text-wrapper eb-text-ygwzs\" data-id=\"eb-text-ygwzs\"><p class=\"eb-text\">Cristina Moll lidera un petit estudi d\u2019arquitectura situat a la illa de Menorca, on treballa tant en projectes de Rehabilitaci\u00f3 i Reforma d\u2019edificis com en Obra Nova, en l\u2019\u00e0mbit p\u00fablic i privat. Ens sentim compromesos en ser part d\u2019un equip responsable que dona resposta adequada a les necessitats de l\u2019edifici i del client. <br><\/p><\/div><\/div><\/div>\n\n\n\n<div style=\"height:20px\" aria-hidden=\"true\" class=\"wp-block-spacer\"><\/div>\n\n\n\n<p style=\"font-style:normal;font-weight:700\">\u00bfQU\u00c8 FEM?<\/p>\n\n\n\n<div class=\"wp-block-essential-blocks-text root-eb-text-07z4z\"><div class=\"eb-parent-wrapper eb-parent-eb-text-07z4z \"><div class=\"eb-text-wrapper eb-text-07z4z\" data-id=\"eb-text-07z4z\"><p class=\"eb-text\">L\u2019estudi ofereix la redacci\u00f3 de projectes per a la rehabilitaci\u00f3 i reforma d\u2019edificis; projectes d\u2019obra nova i direcci\u00f3 de les obres. Aix\u00ed com consultoria a l\u2019hora de la compra d\u2019habitatge, informes urban\u00edstics, c\u00e8dules d\u2019habitabilitat i projectes de legalitzaci\u00f3. <br><\/p><\/div><\/div><\/div>\n<\/div>\n\n\n\n<div class=\"wp-block-column is-layout-flow wp-block-column-is-layout-flow\" style=\"padding-right:var(--wp--preset--spacing--10);padding-left:0;flex-basis:30%\">\n<p style=\"font-style:normal;font-weight:700\">L&#8217;EQUIP<\/p>\n\n\n\n<div class=\"wp-block-essential-blocks-text root-eb-text-3f5j9 root-eb-text-mrlu8\"><div class=\"eb-parent-wrapper eb-parent-eb-text-mrlu8 \"><div class=\"eb-text-wrapper eb-text-mrlu8\" data-id=\"eb-text-mrlu8\"><p class=\"eb-text\">\u00b7 Cristina Moll Taltavull | <em>arquitecta responsable<\/em><br>\u00b7 Llucia Pallicer Santana | <em>administrativa<\/em><br>\u00b7 Enric Mercadal Carretero | <em>arquitecte<\/em><br><\/p><\/div><\/div><\/div>\n\n\n\n<p style=\"font-style:normal;font-weight:700\">ELS COL\u00b7LABORADORS<\/p>\n\n\n\n<div class=\"wp-block-essential-blocks-text root-eb-text-3f5j9 root-eb-text-jzm3m\"><div class=\"eb-parent-wrapper eb-parent-eb-text-jzm3m \"><div class=\"eb-text-wrapper eb-text-jzm3m\" data-id=\"eb-text-jzm3m\"><p class=\"eb-text\">\u00b7 Miguel Gonzalez Dey\u00e1 | <em>enginyer industrial<\/em><br>\u00b7 Montserrat Jori Gomila | <em>arquitecta t\u00e8cnica<\/em><br>\u00b7 Josep Maria Bagur Elizondo | <em>arquitecte t\u00e8cnic<\/em><br><\/p><\/div><\/div><\/div>\n<\/div>\n\n\n\n<div class=\"wp-block-column is-layout-flow wp-block-column-is-layout-flow\" style=\"padding-right:var(--wp--preset--spacing--10);padding-left:var(--wp--preset--spacing--10);flex-basis:20%\">\n<p style=\"font-style:normal;font-weight:700\">\u00bfON SOM?<\/p>\n\n\n\n<div class=\"wp-block-essential-blocks-text  root-eb-text-pqgx3\"><div class=\"eb-parent-wrapper eb-parent-eb-text-pqgx3 \"><div class=\"eb-text-wrapper eb-text-pqgx3\" data-id=\"eb-text-pqgx3\"><p class=\"eb-text\">Av. des Castell 11A (58), POICA<br>07720 Es Castell &#8211; <strong>Menorca<\/strong><\/p><\/div><\/div><\/div>\n<\/div>\n\n\n\n<div class=\"wp-block-column is-layout-flow wp-block-column-is-layout-flow\" style=\"padding-right:var(--wp--preset--spacing--10);padding-left:var(--wp--preset--spacing--10);flex-basis:10%\">\n<figure class=\"wp-block-image size-medium is-resized\"><a href=\"https:\/\/www.google.com\/maps\/d\/u\/0\/edit?hl=es&amp;mid=13S0Dq56EsAN6d7JrFa6IupolHC8CTD4&amp;ll=39.935054151525016%2C4.101349700810317&amp;z=11\" target=\"_blank\" rel=\"noreferrer noopener\"><img decoding=\"async\" data-src=\"https:\/\/cristinamollarquitecta.com\/wp-content\/uploads\/2025\/04\/icona_mapapuntvermell.svg\" alt=\"\" class=\"wp-image-1677 lazyload\" style=\"width:167px;height:auto\" src=\"data:image\/gif;base64,R0lGODlhAQABAAAAACH5BAEKAAEALAAAAAABAAEAAAICTAEAOw==\" \/><\/a><\/figure>\n<\/div>\n<\/div>\n<\/div>\n<\/div>\n\n\n\n<hr class=\"wp-block-separator has-alpha-channel-opacity is-style-wide\" style=\"margin-top:var(--wp--preset--spacing--20);margin-bottom:var(--wp--preset--spacing--20)\"\/>\n\n\n\n<div class=\"wp-block-group is-layout-flow wp-block-group-is-layout-flow\">\n<div class=\"wp-block-columns is-layout-flex wp-container-core-columns-is-layout-28f84493 wp-block-columns-is-layout-flex\">\n<div class=\"wp-block-column is-layout-flow wp-block-column-is-layout-flow\" style=\"font-style:normal;font-weight:700\">\n<p style=\"font-style:normal;font-weight:700\">REDEFININT ESPAIS<\/p>\n<\/div>\n\n\n\n<div class=\"wp-block-column is-layout-flow wp-block-column-is-layout-flow\">\n<div class=\"wp-block-group as_social_item_container is-horizontal is-content-justification-right is-nowrap is-layout-flex wp-container-core-group-is-layout-60948967 wp-block-group-is-layout-flex\" style=\"margin-top:0;margin-bottom:0;padding-top:0;padding-right:0;padding-bottom:0;padding-left:0\">\n<p class=\"has-text-align-left has-contrast-2-color has-text-color has-link-color wp-elements-0ccc696fdfb5b903163a0b648d5a24ee\"><a href=\"https:\/\/cristinamollarquitecta.com\/wp-content\/uploads\/2025\/04\/CV_CMT-2025-DISSENYWEB.pdf\" data-type=\"page\" data-id=\"639\" target=\"_blank\" rel=\"noreferrer noopener\">CURR\u00cdCULUM<\/a><\/p>\n\n\n\n<figure class=\"wp-block-image size-thumbnail is-resized as_social_arrow is-style-default\"><a href=\"https:\/\/cristinamollarquitecta.com\/wp-content\/uploads\/2025\/04\/CV_CMT-2025-DISSENYWEB.pdf\" target=\"_blank\" rel=\"noreferrer noopener\"><img decoding=\"async\" data-src=\"https:\/\/cristinamollarquitecta.com\/wp-content\/uploads\/2024\/10\/fletxa_icona_webcristina-01.svg\" alt=\"\" class=\"wp-image-908 lazyload\" style=\"width:auto;height:12px\" src=\"data:image\/gif;base64,R0lGODlhAQABAAAAACH5BAEKAAEALAAAAAABAAEAAAICTAEAOw==\" \/><\/a><\/figure>\n<\/div>\n<\/div>\n<\/div>\n<\/div>\n\n\n\n<div class=\"wp-block-columns is-layout-flex wp-container-core-columns-is-layout-d1851433 wp-block-columns-is-layout-flex\" style=\"margin-top:0px;margin-bottom:0px;padding-top:0;padding-bottom:0\">\n<div class=\"wp-block-column is-layout-flow wp-container-core-column-is-layout-b108c007 wp-block-column-is-layout-flow\" style=\"padding-right:0;padding-left:0\">\n<div class=\"wp-block-essential-blocks-text root-eb-text-hc6nl\"><div class=\"eb-parent-wrapper eb-parent-eb-text-hc6nl \"><div class=\"eb-text-wrapper eb-text-hc6nl\" data-id=\"eb-text-hc6nl\"><p class=\"eb-text\">A trav\u00e9s de l\u2019arquitectura vull posar en valor la <strong>Mediterr\u00e0nia <\/strong>i el modus vivendi de la nostra terra, elements que m\u2019influeixen i m\u2019inspiren durant l\u2019acte creatiu. La quotidianitat i el contacte amb les coses tamb\u00e9 s\u00f3n elements inspiratius que deixen petjada en la meva manera de fer feina perqu\u00e8, tot citant Lina Bo Bardi: <br><span id=\"docs-internal-guid-4488a9ae-7fff-fd78-f222-7ebd263e9543\"><div><span style=\"font-size: 11pt; font-family: \"Helvetica Neue\", sans-serif; color: rgb(0, 0, 0); background-color: transparent; font-variant-numeric: normal; font-variant-east-asian: normal; font-variant-alternates: normal; font-variant-position: normal; vertical-align: baseline;\"><\/span><\/div><\/span><\/p><\/div><\/div><\/div>\n\n\n\n<p class=\"has-contrast-color has-text-color has-link-color wp-elements-0268eea74955cdad242ff8bb4a1bdd2c\" style=\"margin-right:var(--wp--preset--spacing--20);padding-top:0;padding-right:var(--wp--preset--spacing--30);padding-bottom:var(--wp--preset--spacing--10);padding-left:0;font-size:clamp(1.039rem, 1.039rem + ((1vw - 0.2rem) * 0.408), 1.6rem);\"><em>\u201cL\u2019arquitectura tamb\u00e9 est\u00e0 feta d\u2019aire, llum, naturalesa i art.\u201d<\/em><\/p>\n<\/div>\n\n\n\n<div class=\"wp-block-column is-layout-flow wp-block-column-is-layout-flow\">\n<div class=\"wp-block-essential-blocks-text root-eb-text-i0xmp\"><div class=\"eb-parent-wrapper eb-parent-eb-text-i0xmp \"><div class=\"eb-text-wrapper eb-text-i0xmp\" data-id=\"eb-text-i0xmp\"><p class=\"eb-text\">El meu treball com a arquitecta consisteix en projectar un nou espai per habitar, recuperant i interpretant l\u2019existent. Per a mi \u00e9s important entendre el que \u00e9s essencial a cada lloc, mitjan\u00e7ant la eina del dibuix i de la t\u00e8cnica per a trobar les millors opcions possibles, prioritzant les solucions tradicionals i senzilles tenint molt presents, al mateix temps, els \u00faltims avan\u00e7os tecnol\u00f2gics sense oblidar en cap moment la necessitat de ser respectuoses amb el medi ambient. Al capdavall, l\u2019arquitectura que jo entenc \u00e9s la que resulta de fixar prioritats, decidir quines opcions i estrat\u00e8gies aporten millors resultats, realitzar una avaluaci\u00f3 de riscos per defugir de solucions inviables, tant en l\u2019\u00e0mbit formal com en l\u2019econ\u00f2mic.  <br><br><span id=\"docs-internal-guid-4488a9ae-7fff-fd78-f222-7ebd263e9543\"><div><span style=\"font-size: 11pt; font-family: \"Helvetica Neue\", sans-serif; color: rgb(0, 0, 0); background-color: transparent; font-variant-numeric: normal; font-variant-east-asian: normal; font-variant-alternates: normal; font-variant-position: normal; vertical-align: baseline;\"><\/span><\/div><\/span><\/p><\/div><\/div><\/div>\n<\/div>\n<\/div>\n\n\n\n<p class=\"has-text-align-left\"><strong>UNEIX-TE AL NOSTRE EQUIP<\/strong><\/p>\n\n\n\n<hr class=\"wp-block-separator has-alpha-channel-opacity is-style-wide\" style=\"margin-top:0px;margin-bottom:0px\"\/>\n\n\n\n<div class=\"wp-block-columns is-layout-flex wp-container-core-columns-is-layout-8eafb21d wp-block-columns-is-layout-flex\" style=\"margin-top:0px\">\n<div class=\"wp-block-column is-layout-flow wp-container-core-column-is-layout-887edef5 wp-block-column-is-layout-flow\" style=\"padding-top:0px;padding-bottom:0px\">\n<div class=\"wp-block-essential-blocks-text root-eb-text-ach97\"><div class=\"eb-parent-wrapper eb-parent-eb-text-ach97 \"><div class=\"eb-text-wrapper eb-text-ach97\" data-id=\"eb-text-ach97\"><p class=\"eb-text\">Si sents que encaixes al nostre equip i vols formar part d&#8217;un equip il\u00b7lusionat, professional i comprom\u00e8s, estarem encantades de que ens envi\u00efs el teu Curr\u00edculum i Portafolio. <\/p><div class=\"aboutContent\"><\/div><br><br><span id=\"docs-internal-guid-fa9af659-7fff-0937-f2b9-6eaf257bf304\"><div><span style=\"font-size: 11pt; font-family: \"Helvetica Neue\", sans-serif; color: rgb(0, 0, 0); background-color: transparent; font-style: italic; font-variant-numeric: normal; font-variant-east-asian: normal; font-variant-alternates: normal; font-variant-position: normal; vertical-align: baseline;\"><\/span><span style=\"font-size: 11pt; font-family: \"Helvetica Neue\", sans-serif; color: rgb(0, 0, 0); background-color: transparent; font-variant-numeric: normal; font-variant-east-asian: normal; font-variant-alternates: normal; font-variant-position: normal; vertical-align: baseline;\"><\/span><\/div><\/span><\/div><\/div><\/div>\n<\/div>\n\n\n\n<div class=\"wp-block-column is-layout-flow wp-block-column-is-layout-flow\">\n<div class=\"wp-block-group as_social_item_container is-horizontal is-content-justification-right is-nowrap is-layout-flex wp-container-core-group-is-layout-70bac99b wp-block-group-is-layout-flex\" style=\"margin-top:0;margin-bottom:0;padding-top:var(--wp--preset--spacing--20);padding-right:0;padding-bottom:var(--wp--preset--spacing--20);padding-left:0\">\n<p class=\"has-text-align-left has-contrast-2-color has-text-color has-link-color wp-elements-c65b1ce7bb8adb94a5e7bcd204529c33\"><a href=\"mailto:info@cristinamollarquitecta.com\" data-type=\"mailto\" data-id=\"mailto:\" target=\"_blank\" rel=\"noreferrer noopener\">CONTACTA<\/a><\/p>\n\n\n\n<figure class=\"wp-block-image size-thumbnail is-resized as_social_arrow is-style-default\"><a href=\"mailto:info@cristinamollarquitecta.com\" target=\"_blank\" rel=\"noreferrer noopener\"><img decoding=\"async\" data-src=\"https:\/\/cristinamollarquitecta.com\/wp-content\/uploads\/2024\/10\/fletxa_icona_webcristina-01.svg\" alt=\"\" class=\"wp-image-908 lazyload\" style=\"width:auto;height:12px\" src=\"data:image\/gif;base64,R0lGODlhAQABAAAAACH5BAEKAAEALAAAAAABAAEAAAICTAEAOw==\" \/><\/a><\/figure>\n<\/div>\n<\/div>\n<\/div>\n<\/div>\n\n\n\n<p><\/p>\n","protected":false},"excerpt":{"rendered":"<p>ESTUDI D&#8217;ARQUITECTURA QUI SOM? \u00bfQU\u00c8 FEM? L&#8217;EQUIP ELS COL\u00b7LABORADORS \u00bfON SOM? REDEFININT ESPAIS CURR\u00cdCULUM \u201cL\u2019arquitectura tamb\u00e9 est\u00e0 feta d\u2019aire, llum, naturalesa i art.\u201d UNEIX-TE AL NOSTRE EQUIP CONTACTA<\/p>\n","protected":false},"author":1,"featured_media":0,"parent":0,"menu_order":0,"comment_status":"closed","ping_status":"closed","template":"","meta":{"_eb_attr":"","inline_featured_image":false,"_vp_format_video_url":"","_vp_image_focal_point":[],"footnotes":""},"class_list":["post-1856","page","type-page","status-publish","hentry"],"yoast_head":"<!-- This site is optimized with the Yoast SEO plugin v25.1 - https:\/\/yoast.com\/wordpress\/plugins\/seo\/ -->\n<title>ESTUDI - Cristina Moll Arquitecta<\/title>\n<meta name=\"robots\" content=\"index, follow, max-snippet:-1, max-image-preview:large, max-video-preview:-1\" \/>\n<link rel=\"canonical\" href=\"https:\/\/cristinamollarquitecta.com\/ca\/estudi\/\" \/>\n<meta property=\"og:locale\" content=\"ca_ES\" \/>\n<meta property=\"og:type\" content=\"article\" \/>\n<meta property=\"og:title\" content=\"ESTUDI - Cristina Moll Arquitecta\" \/>\n<meta property=\"og:description\" content=\"ESTUDI D&#8217;ARQUITECTURA QUI SOM? \u00bfQU\u00c8 FEM? L&#8217;EQUIP ELS COL\u00b7LABORADORS \u00bfON SOM? REDEFININT ESPAIS CURR\u00cdCULUM \u201cL\u2019arquitectura tamb\u00e9 est\u00e0 feta d\u2019aire, llum, naturalesa i art.\u201d UNEIX-TE AL NOSTRE EQUIP CONTACTA\" \/>\n<meta property=\"og:url\" content=\"https:\/\/cristinamollarquitecta.com\/ca\/estudi\/\" \/>\n<meta property=\"og:site_name\" content=\"Cristina Moll Arquitecta\" \/>\n<meta property=\"article:modified_time\" content=\"2025-05-20T16:57:38+00:00\" \/>\n<meta property=\"og:image\" content=\"https:\/\/cristinamollarquitecta.com\/wp-content\/uploads\/2025\/04\/icona_mapapuntvermell.svg\" \/>\n<meta name=\"twitter:card\" content=\"summary_large_image\" \/>\n<meta name=\"twitter:label1\" content=\"Temps estimat de lectura\" \/>\n\t<meta name=\"twitter:data1\" content=\"3 minuts\" \/>\n<script type=\"application\/ld+json\" class=\"yoast-schema-graph\">{\"@context\":\"https:\/\/schema.org\",\"@graph\":[{\"@type\":\"WebPage\",\"@id\":\"https:\/\/cristinamollarquitecta.com\/ca\/estudi\/\",\"url\":\"https:\/\/cristinamollarquitecta.com\/ca\/estudi\/\",\"name\":\"ESTUDI - Cristina Moll Arquitecta\",\"isPartOf\":{\"@id\":\"https:\/\/cristinamollarquitecta.com\/#website\"},\"primaryImageOfPage\":{\"@id\":\"https:\/\/cristinamollarquitecta.com\/ca\/estudi\/#primaryimage\"},\"image\":{\"@id\":\"https:\/\/cristinamollarquitecta.com\/ca\/estudi\/#primaryimage\"},\"thumbnailUrl\":\"https:\/\/cristinamollarquitecta.com\/wp-content\/uploads\/2025\/04\/icona_mapapuntvermell.svg\",\"datePublished\":\"2024-11-05T12:10:54+00:00\",\"dateModified\":\"2025-05-20T16:57:38+00:00\",\"breadcrumb\":{\"@id\":\"https:\/\/cristinamollarquitecta.com\/ca\/estudi\/#breadcrumb\"},\"inLanguage\":\"ca\",\"potentialAction\":[{\"@type\":\"ReadAction\",\"target\":[\"https:\/\/cristinamollarquitecta.com\/ca\/estudi\/\"]}]},{\"@type\":\"ImageObject\",\"inLanguage\":\"ca\",\"@id\":\"https:\/\/cristinamollarquitecta.com\/ca\/estudi\/#primaryimage\",\"url\":\"https:\/\/cristinamollarquitecta.com\/wp-content\/uploads\/2025\/04\/icona_mapapuntvermell.svg\",\"contentUrl\":\"https:\/\/cristinamollarquitecta.com\/wp-content\/uploads\/2025\/04\/icona_mapapuntvermell.svg\"},{\"@type\":\"BreadcrumbList\",\"@id\":\"https:\/\/cristinamollarquitecta.com\/ca\/estudi\/#breadcrumb\",\"itemListElement\":[{\"@type\":\"ListItem\",\"position\":1,\"name\":\"Portada\",\"item\":\"https:\/\/cristinamollarquitecta.com\/ca\/\"},{\"@type\":\"ListItem\",\"position\":2,\"name\":\"ESTUDI\"}]},{\"@type\":\"WebSite\",\"@id\":\"https:\/\/cristinamollarquitecta.com\/#website\",\"url\":\"https:\/\/cristinamollarquitecta.com\/\",\"name\":\"Cristina Moll Arquitecta\",\"description\":\"\",\"publisher\":{\"@id\":\"https:\/\/cristinamollarquitecta.com\/#organization\"},\"potentialAction\":[{\"@type\":\"SearchAction\",\"target\":{\"@type\":\"EntryPoint\",\"urlTemplate\":\"https:\/\/cristinamollarquitecta.com\/?s={search_term_string}\"},\"query-input\":{\"@type\":\"PropertyValueSpecification\",\"valueRequired\":true,\"valueName\":\"search_term_string\"}}],\"inLanguage\":\"ca\"},{\"@type\":\"Organization\",\"@id\":\"https:\/\/cristinamollarquitecta.com\/#organization\",\"name\":\"Cristina Moll Arquitecta\",\"url\":\"https:\/\/cristinamollarquitecta.com\/\",\"logo\":{\"@type\":\"ImageObject\",\"inLanguage\":\"ca\",\"@id\":\"https:\/\/cristinamollarquitecta.com\/#\/schema\/logo\/image\/\",\"url\":\"https:\/\/cristinamollarquitecta.com\/wp-content\/uploads\/2024\/10\/logo_cristinamollarquitecta_nopadding.svg\",\"contentUrl\":\"https:\/\/cristinamollarquitecta.com\/wp-content\/uploads\/2024\/10\/logo_cristinamollarquitecta_nopadding.svg\",\"caption\":\"Cristina Moll Arquitecta\"},\"image\":{\"@id\":\"https:\/\/cristinamollarquitecta.com\/#\/schema\/logo\/image\/\"},\"sameAs\":[\"https:\/\/www.instagram.com\/cmollarq?igsh=MTJkMHFkY2MyeHBraA\"]}]}<\/script>\n<!-- \/ Yoast SEO plugin. -->","yoast_head_json":{"title":"ESTUDI - Cristina Moll Arquitecta","robots":{"index":"index","follow":"follow","max-snippet":"max-snippet:-1","max-image-preview":"max-image-preview:large","max-video-preview":"max-video-preview:-1"},"canonical":"https:\/\/cristinamollarquitecta.com\/ca\/estudi\/","og_locale":"ca_ES","og_type":"article","og_title":"ESTUDI - Cristina Moll Arquitecta","og_description":"ESTUDI D&#8217;ARQUITECTURA QUI SOM? \u00bfQU\u00c8 FEM? L&#8217;EQUIP ELS COL\u00b7LABORADORS \u00bfON SOM? REDEFININT ESPAIS CURR\u00cdCULUM \u201cL\u2019arquitectura tamb\u00e9 est\u00e0 feta d\u2019aire, llum, naturalesa i art.\u201d UNEIX-TE AL NOSTRE EQUIP CONTACTA","og_url":"https:\/\/cristinamollarquitecta.com\/ca\/estudi\/","og_site_name":"Cristina Moll Arquitecta","article_modified_time":"2025-05-20T16:57:38+00:00","og_image":[{"url":"https:\/\/cristinamollarquitecta.com\/wp-content\/uploads\/2025\/04\/icona_mapapuntvermell.svg","type":"","width":"","height":""}],"twitter_card":"summary_large_image","twitter_misc":{"Temps estimat de lectura":"3 minuts"},"schema":{"@context":"https:\/\/schema.org","@graph":[{"@type":"WebPage","@id":"https:\/\/cristinamollarquitecta.com\/ca\/estudi\/","url":"https:\/\/cristinamollarquitecta.com\/ca\/estudi\/","name":"ESTUDI - Cristina Moll Arquitecta","isPartOf":{"@id":"https:\/\/cristinamollarquitecta.com\/#website"},"primaryImageOfPage":{"@id":"https:\/\/cristinamollarquitecta.com\/ca\/estudi\/#primaryimage"},"image":{"@id":"https:\/\/cristinamollarquitecta.com\/ca\/estudi\/#primaryimage"},"thumbnailUrl":"https:\/\/cristinamollarquitecta.com\/wp-content\/uploads\/2025\/04\/icona_mapapuntvermell.svg","datePublished":"2024-11-05T12:10:54+00:00","dateModified":"2025-05-20T16:57:38+00:00","breadcrumb":{"@id":"https:\/\/cristinamollarquitecta.com\/ca\/estudi\/#breadcrumb"},"inLanguage":"ca","potentialAction":[{"@type":"ReadAction","target":["https:\/\/cristinamollarquitecta.com\/ca\/estudi\/"]}]},{"@type":"ImageObject","inLanguage":"ca","@id":"https:\/\/cristinamollarquitecta.com\/ca\/estudi\/#primaryimage","url":"https:\/\/cristinamollarquitecta.com\/wp-content\/uploads\/2025\/04\/icona_mapapuntvermell.svg","contentUrl":"https:\/\/cristinamollarquitecta.com\/wp-content\/uploads\/2025\/04\/icona_mapapuntvermell.svg"},{"@type":"BreadcrumbList","@id":"https:\/\/cristinamollarquitecta.com\/ca\/estudi\/#breadcrumb","itemListElement":[{"@type":"ListItem","position":1,"name":"Portada","item":"https:\/\/cristinamollarquitecta.com\/ca\/"},{"@type":"ListItem","position":2,"name":"ESTUDI"}]},{"@type":"WebSite","@id":"https:\/\/cristinamollarquitecta.com\/#website","url":"https:\/\/cristinamollarquitecta.com\/","name":"Cristina Moll Arquitecta","description":"","publisher":{"@id":"https:\/\/cristinamollarquitecta.com\/#organization"},"potentialAction":[{"@type":"SearchAction","target":{"@type":"EntryPoint","urlTemplate":"https:\/\/cristinamollarquitecta.com\/?s={search_term_string}"},"query-input":{"@type":"PropertyValueSpecification","valueRequired":true,"valueName":"search_term_string"}}],"inLanguage":"ca"},{"@type":"Organization","@id":"https:\/\/cristinamollarquitecta.com\/#organization","name":"Cristina Moll Arquitecta","url":"https:\/\/cristinamollarquitecta.com\/","logo":{"@type":"ImageObject","inLanguage":"ca","@id":"https:\/\/cristinamollarquitecta.com\/#\/schema\/logo\/image\/","url":"https:\/\/cristinamollarquitecta.com\/wp-content\/uploads\/2024\/10\/logo_cristinamollarquitecta_nopadding.svg","contentUrl":"https:\/\/cristinamollarquitecta.com\/wp-content\/uploads\/2024\/10\/logo_cristinamollarquitecta_nopadding.svg","caption":"Cristina Moll Arquitecta"},"image":{"@id":"https:\/\/cristinamollarquitecta.com\/#\/schema\/logo\/image\/"},"sameAs":["https:\/\/www.instagram.com\/cmollarq?igsh=MTJkMHFkY2MyeHBraA"]}]}},"_links":{"self":[{"href":"https:\/\/cristinamollarquitecta.com\/ca\/wp-json\/wp\/v2\/pages\/1856","targetHints":{"allow":["GET"]}}],"collection":[{"href":"https:\/\/cristinamollarquitecta.com\/ca\/wp-json\/wp\/v2\/pages"}],"about":[{"href":"https:\/\/cristinamollarquitecta.com\/ca\/wp-json\/wp\/v2\/types\/page"}],"author":[{"embeddable":true,"href":"https:\/\/cristinamollarquitecta.com\/ca\/wp-json\/wp\/v2\/users\/1"}],"replies":[{"embeddable":true,"href":"https:\/\/cristinamollarquitecta.com\/ca\/wp-json\/wp\/v2\/comments?post=1856"}],"version-history":[{"count":0,"href":"https:\/\/cristinamollarquitecta.com\/ca\/wp-json\/wp\/v2\/pages\/1856\/revisions"}],"wp:attachment":[{"href":"https:\/\/cristinamollarquitecta.com\/ca\/wp-json\/wp\/v2\/media?parent=1856"}],"curies":[{"name":"wp","href":"https:\/\/api.w.org\/{rel}","templated":true}]}}